{"id":30049,"date":"2025-11-08T04:17:54","date_gmt":"2025-11-08T04:17:54","guid":{"rendered":"https:\/\/teletex.com.ar\/?post_type=product&#038;p=30049"},"modified":"2025-12-07T03:46:56","modified_gmt":"2025-12-07T03:46:56","slug":"ce-1103","status":"publish","type":"product","link":"https:\/\/teletex.com.ar\/index.php\/producto\/ce-1103\/","title":{"rendered":"CE-1103"},"content":{"rendered":"<h4 class=\"product-title\">Cable Utp Cat. 5E Exterior X 305Mts Glc<\/h4>\n<p>De la familia de \u201cCABLEADO ESTRUCTURADO\u201d de GLC llega el \u201cCABLE UTP CAT 5E EXTERIOR 305MTS GLC (doble vaina)\u201d\u00a0\u00a0dise\u00f1ado especialmente para aplicaciones horizontales en redes de cableado estructurado para conectar al usuario con el panel de administraci\u00f3n o con los paneles de interconexi\u00f3n de la gesti\u00f3n.<\/p>\n<p>Este art\u00edculo cuenta con un\u00a0dise\u00f1o universalmente aceptado para las instalaciones de las redes comerciales e industriales.<\/p>\n<p>Por sus caracter\u00edsticas garantiza la \u00f3ptima instalaci\u00f3n y mantenimiento del cableado. Adem\u00e1s, de un alto desempe\u00f1o.<\/p>\n<p>Por su doble vaina es muy utilizado en redes de ISP, ya que permite mayor proteccion de la red y los equipos utilizados en estas redes.<\/p>\n<ul>\n<li><a href=\"https:\/\/teletex.com.ar\/wp-content\/uploads\/2025\/11\/CE-1103.pdf\">FOLLETO CE-1103<\/a><\/li>\n<\/ul>\n<p>&nbsp;<\/p>\n","protected":false},"excerpt":{"rendered":"<p>Cable UTP Cat. 5E\u00a0 GLC para exteriores, con doble vaina. Dise\u00f1ados\u00a0especialmente\u00a0para aplicaciones horizontales de forma a\u00e9rea en redes de cableado estructurado para\u00a0conectar al usuario con el panel de administraci\u00f3n o con los paneles de interconexi\u00f3n.<\/p>\n<p>Construcci\u00f3n:<\/p>\n<ul>\n<li>Calibre del conductor: 24 AWG.<\/li>\n<li>Conductor de aluminio cobreado s\u00f3lido de 0.5 mm.<\/li>\n<li>Tipo de aislamiento: HDPE.<\/li>\n<li>Tipo de ensamble: 4 pares.<\/li>\n<li>Tipo de cubierta: Doble vaina. Vaina exterior con tratamiento UV<\/li>\n<\/ul>\n","protected":false},"featured_media":30050,"comment_status":"open","ping_status":"closed","template":"","meta":{"om_disable_all_campaigns":false,"_monsterinsights_skip_tracking":false,"_monsterinsights_sitenote_active":false,"_monsterinsights_sitenote_note":"","_monsterinsights_sitenote_category":0,"_uf_show_specific_survey":0,"_uf_disable_surveys":false,"_joinchat":[]},"product_brand":[61],"product_cat":[59,60],"product_tag":[62],"class_list":{"0":"post-30049","1":"product","2":"type-product","3":"status-publish","4":"has-post-thumbnail","6":"product_brand-glc","7":"product_cat-cable-utp","8":"product_cat-cable-utp-cat-5e","9":"product_tag-cable-utp-cat-5e","10":"entry","11":"has-media","13":"first","14":"instock","15":"downloadable","16":"virtual","17":"product-type-simple"},"aioseo_notices":[],"jetpack_sharing_enabled":true,"_links":{"self":[{"href":"https:\/\/teletex.com.ar\/index.php\/wp-json\/wp\/v2\/product\/30049","targetHints":{"allow":["GET"]}}],"collection":[{"href":"https:\/\/teletex.com.ar\/index.php\/wp-json\/wp\/v2\/product"}],"about":[{"href":"https:\/\/teletex.com.ar\/index.php\/wp-json\/wp\/v2\/types\/product"}],"replies":[{"embeddable":true,"href":"https:\/\/teletex.com.ar\/index.php\/wp-json\/wp\/v2\/comments?post=30049"}],"wp:featuredmedia":[{"embeddable":true,"href":"https:\/\/teletex.com.ar\/index.php\/wp-json\/wp\/v2\/media\/30050"}],"wp:attachment":[{"href":"https:\/\/teletex.com.ar\/index.php\/wp-json\/wp\/v2\/media?parent=30049"}],"wp:term":[{"taxonomy":"product_brand","embeddable":true,"href":"https:\/\/teletex.com.ar\/index.php\/wp-json\/wp\/v2\/product_brand?post=30049"},{"taxonomy":"product_cat","embeddable":true,"href":"https:\/\/teletex.com.ar\/index.php\/wp-json\/wp\/v2\/product_cat?post=30049"},{"taxonomy":"product_tag","embeddable":true,"href":"https:\/\/teletex.com.ar\/index.php\/wp-json\/wp\/v2\/product_tag?post=30049"}],"curies":[{"name":"wp","href":"https:\/\/api.w.org\/{rel}","templated":true}]}}